{"id":1241,"date":"2024-03-30T18:16:51","date_gmt":"2024-03-30T21:16:51","guid":{"rendered":"https:\/\/valefilms.com\/?page_id=1241"},"modified":"2024-04-01T17:17:55","modified_gmt":"2024-04-01T20:17:55","slug":"quem-somos","status":"publish","type":"page","link":"https:\/\/valefilms.com\/?page_id=1241","title":{"rendered":"Quem Somos"},"content":{"rendered":"\n<figure class=\"wp-block-image size-large\"><img loading=\"lazy\" decoding=\"async\" width=\"1024\" height=\"245\" src=\"https:\/\/produtoravalefilms-com-br.preview-domain.com\/wp-content\/uploads\/2024\/03\/dsaaaaa-1024x245.jpg\" alt=\"\" class=\"wp-image-1327\" srcset=\"https:\/\/valefilms.com\/wp-content\/uploads\/2024\/03\/dsaaaaa-1024x245.jpg 1024w, https:\/\/valefilms.com\/wp-content\/uploads\/2024\/03\/dsaaaaa-300x72.jpg 300w, https:\/\/valefilms.com\/wp-content\/uploads\/2024\/03\/dsaaaaa-768x183.jpg 768w, https:\/\/valefilms.com\/wp-content\/uploads\/2024\/03\/dsaaaaa-1536x367.jpg 1536w, https:\/\/valefilms.com\/wp-content\/uploads\/2024\/03\/dsaaaaa-2048x489.jpg 2048w, https:\/\/valefilms.com\/wp-content\/uploads\/2024\/03\/dsaaaaa-800x191.jpg 800w\" sizes=\"auto, (max-width: 1024px) 100vw, 1024px\" \/><\/figure>\n\n\n\n<p><\/p>\n\n\n\n<p>A Vale Films, desde sua origem em 2015, \u00e9 uma celebra\u00e7\u00e3o da criatividade no cen\u00e1rio da produ\u00e7\u00e3o de v\u00eddeos. Nossa jornada come\u00e7ou com um desejo simples: contar hist\u00f3rias de maneira aut\u00eantica e cativante, e esse princ\u00edpio continua a nos guiar em cada projeto que abra\u00e7amos.<\/p>\n\n\n\n<figure class=\"wp-block-image size-large\"><img loading=\"lazy\" decoding=\"async\" width=\"1024\" height=\"245\" src=\"https:\/\/produtoravalefilms-com-br.preview-domain.com\/wp-content\/uploads\/2024\/03\/quem-somos-02-pro-site-v02-1024x245.jpg\" alt=\"\" class=\"wp-image-1329\" srcset=\"https:\/\/valefilms.com\/wp-content\/uploads\/2024\/03\/quem-somos-02-pro-site-v02-1024x245.jpg 1024w, https:\/\/valefilms.com\/wp-content\/uploads\/2024\/03\/quem-somos-02-pro-site-v02-300x72.jpg 300w, https:\/\/valefilms.com\/wp-content\/uploads\/2024\/03\/quem-somos-02-pro-site-v02-768x183.jpg 768w, https:\/\/valefilms.com\/wp-content\/uploads\/2024\/03\/quem-somos-02-pro-site-v02-1536x367.jpg 1536w, https:\/\/valefilms.com\/wp-content\/uploads\/2024\/03\/quem-somos-02-pro-site-v02-2048x489.jpg 2048w, https:\/\/valefilms.com\/wp-content\/uploads\/2024\/03\/quem-somos-02-pro-site-v02-800x191.jpg 800w\" sizes=\"auto, (max-width: 1024px) 100vw, 1024px\" \/><\/figure>\n\n\n\n<p><\/p>\n\n\n\n<p>Com uma lista de eventos de renome internacional no curr\u00edculo, a Vale Films n\u00e3o s\u00f3 testemunhou, mas tamb\u00e9m moldou momentos memor\u00e1veis em eventos como Tomorrowland Brasil, Lollapalooza, Rock in Rio e Universo Paralello. Ao colaborar com marcas de prest\u00edgio como Porsche Cup Brasil, a empresa provou sua capacidade de capturar a ess\u00eancia de cada ocasi\u00e3o e transform\u00e1-la em uma narrativa visual envolvente. Tamb\u00e9m tivemos a oportunidade de contribuir para emissoras conhecidas, como Band e Sport TV.<\/p>\n\n\n\n<figure class=\"wp-block-image size-large\"><img loading=\"lazy\" decoding=\"async\" width=\"1024\" height=\"245\" src=\"https:\/\/produtoravalefilms-com-br.preview-domain.com\/wp-content\/uploads\/2024\/03\/ds-dsssss-1024x245.jpg\" alt=\"\" class=\"wp-image-1326\" srcset=\"https:\/\/valefilms.com\/wp-content\/uploads\/2024\/03\/ds-dsssss-1024x245.jpg 1024w, https:\/\/valefilms.com\/wp-content\/uploads\/2024\/03\/ds-dsssss-300x72.jpg 300w, https:\/\/valefilms.com\/wp-content\/uploads\/2024\/03\/ds-dsssss-768x183.jpg 768w, https:\/\/valefilms.com\/wp-content\/uploads\/2024\/03\/ds-dsssss-1536x367.jpg 1536w, https:\/\/valefilms.com\/wp-content\/uploads\/2024\/03\/ds-dsssss-2048x489.jpg 2048w, https:\/\/valefilms.com\/wp-content\/uploads\/2024\/03\/ds-dsssss-800x191.jpg 800w\" sizes=\"auto, (max-width: 1024px) 100vw, 1024px\" \/><\/figure>\n\n\n\n<p><\/p>\n\n\n\n<p>Mesmo com essas conquistas, mantemos nossos p\u00e9s no ch\u00e3o e continuamos a nos esfor\u00e7ar para oferecer o melhor em cada projeto. Receber reconhecimento da ind\u00fastria, incluindo pr\u00eamios por nossos esfor\u00e7os, tem sido verdadeiramente gratificante para n\u00f3s, mas nossa maior recompensa \u00e9 poder contar hist\u00f3rias que ressoem com nosso p\u00fablico.<\/p>\n\n\n\n<figure class=\"wp-block-image size-large\"><img loading=\"lazy\" decoding=\"async\" width=\"1024\" height=\"245\" src=\"https:\/\/produtoravalefilms-com-br.preview-domain.com\/wp-content\/uploads\/2024\/03\/quem-somos-01-pro-site-1024x245.jpg\" alt=\"\" class=\"wp-image-1328\" srcset=\"https:\/\/valefilms.com\/wp-content\/uploads\/2024\/03\/quem-somos-01-pro-site-1024x245.jpg 1024w, https:\/\/valefilms.com\/wp-content\/uploads\/2024\/03\/quem-somos-01-pro-site-300x72.jpg 300w, https:\/\/valefilms.com\/wp-content\/uploads\/2024\/03\/quem-somos-01-pro-site-768x183.jpg 768w, https:\/\/valefilms.com\/wp-content\/uploads\/2024\/03\/quem-somos-01-pro-site-1536x367.jpg 1536w, https:\/\/valefilms.com\/wp-content\/uploads\/2024\/03\/quem-somos-01-pro-site-2048x489.jpg 2048w, https:\/\/valefilms.com\/wp-content\/uploads\/2024\/03\/quem-somos-01-pro-site-800x191.jpg 800w\" sizes=\"auto, (max-width: 1024px) 100vw, 1024px\" \/><\/figure>\n\n\n\n<p><\/p>\n\n\n\n<p>Ao escolher a Vale Films como sua parceira de produ\u00e7\u00e3o de v\u00eddeos, os clientes podem esperar uma s\u00e9rie de benef\u00edcios que agregam valor ao seu neg\u00f3cio:<\/p>\n\n\n\n<p><strong>Criatividade Excepcional:<\/strong> A Vale Films traz uma abordagem inovadora e criativa para cada projeto, garantindo que os v\u00eddeos produzidos se destaquem pela originalidade e pela capacidade de contar hist\u00f3rias de maneira envolvente.<\/p>\n\n\n\n<p><strong>Abordagem Humana:<\/strong> Valorizamos a import\u00e2ncia das conex\u00f5es humanas em todos os nossos projetos. Nossa equipe trabalha para entender a ess\u00eancia e os valores de sua empresa, garantindo que os v\u00eddeos produzidos transmitam autenticidade e ressoem com seu p\u00fablico-alvo.<\/p>\n\n\n\n<p><strong>Qualidade Profissional:<\/strong> Com anos de experi\u00eancia e expertise na ind\u00fastria, a Vale Films garante a mais alta qualidade em todos os aspectos da produ\u00e7\u00e3o de v\u00eddeo, desde a captura de imagens at\u00e9 a edi\u00e7\u00e3o final. Nosso compromisso com a excel\u00eancia garante resultados que superam as expectativas.<\/p>\n\n\n\n<p><strong>Versatilidade e Adaptabilidade:<\/strong> Seja qual for o tipo de v\u00eddeo necess\u00e1rio, desde cobertura de eventos at\u00e9 campanhas publicit\u00e1rias ou v\u00eddeos institucionais, a Vale Films possui a flexibilidade e a expertise necess\u00e1rias para atender \u00e0s necessidades espec\u00edficas de cada cliente.<\/p>\n\n\n\n<p><strong>Impacto Duradouro:<\/strong> Nossos v\u00eddeos n\u00e3o apenas buscam impressionar visualmente, mas tamb\u00e9m t\u00eam o poder de deixar uma impress\u00e3o duradoura nos espectadores. Com mensagens aut\u00eanticas e emocionantes, ajudamos os clientes a alcan\u00e7ar seus objetivos e a criar uma conex\u00e3o significativa com seu p\u00fablico.<\/p>\n\n\n\n<p><strong>Parceria Colaborativa:<\/strong> Valorizamos a colabora\u00e7\u00e3o e o envolvimento dos clientes em todo o processo de produ\u00e7\u00e3o. Estamos sempre abertos a feedback e sugest\u00f5es, trabalhando lado a lado para garantir que a vis\u00e3o do cliente seja trazida \u00e0 vida de maneira eficaz.<\/p>\n\n\n\n<p>Em resumo, ao optar pela Vale Films, os clientes podem esperar n\u00e3o apenas v\u00eddeos de alta qualidade, mas tamb\u00e9m uma parceria dedicada a alcan\u00e7ar resultados excepcionais que impulsionem seu sucesso empresarial.<\/p>\n\n\n\n<figure class=\"wp-block-image size-large\"><img loading=\"lazy\" decoding=\"async\" width=\"1024\" height=\"245\" src=\"https:\/\/produtoravalefilms-com-br.preview-domain.com\/wp-content\/uploads\/2024\/03\/site-4-braixa-1024x245.jpg\" alt=\"\" class=\"wp-image-1353\" srcset=\"https:\/\/valefilms.com\/wp-content\/uploads\/2024\/03\/site-4-braixa-1024x245.jpg 1024w, https:\/\/valefilms.com\/wp-content\/uploads\/2024\/03\/site-4-braixa-300x72.jpg 300w, https:\/\/valefilms.com\/wp-content\/uploads\/2024\/03\/site-4-braixa-768x183.jpg 768w, https:\/\/valefilms.com\/wp-content\/uploads\/2024\/03\/site-4-braixa-1536x367.jpg 1536w, https:\/\/valefilms.com\/wp-content\/uploads\/2024\/03\/site-4-braixa-2048x489.jpg 2048w, https:\/\/valefilms.com\/wp-content\/uploads\/2024\/03\/site-4-braixa-800x191.jpg 800w\" sizes=\"auto, (max-width: 1024px) 100vw, 1024px\" \/><\/figure>\n\n\n\n<p><em>(Pr\u00eamio pela produ\u00e7\u00e3o do curta metragem &#8220;A Comunh\u00e3o das Rosas&#8221;)<\/em><\/p>\n","protected":false},"excerpt":{"rendered":"<p>A Vale Films, desde sua origem em 2015, \u00e9 uma celebra\u00e7\u00e3o da criatividade no cen\u00e1rio da produ\u00e7\u00e3o de v\u00eddeos. Nossa jornada come\u00e7ou com um desejo simples: contar hist\u00f3rias de maneira aut\u00eantica e cativante, e esse princ\u00edpio continua a nos guiar em cada projeto que abra\u00e7amos. Com uma lista de eventos de renome internacional no curr\u00edculo, [&hellip;]<\/p>\n","protected":false},"author":1,"featured_media":0,"parent":0,"menu_order":0,"comment_status":"closed","ping_status":"closed","template":"","meta":{"footnotes":""},"class_list":["post-1241","page","type-page","status-publish","hentry"],"_links":{"self":[{"href":"https:\/\/valefilms.com\/index.php?rest_route=\/wp\/v2\/pages\/1241","targetHints":{"allow":["GET"]}}],"collection":[{"href":"https:\/\/valefilms.com\/index.php?rest_route=\/wp\/v2\/pages"}],"about":[{"href":"https:\/\/valefilms.com\/index.php?rest_route=\/wp\/v2\/types\/page"}],"author":[{"embeddable":true,"href":"https:\/\/valefilms.com\/index.php?rest_route=\/wp\/v2\/users\/1"}],"replies":[{"embeddable":true,"href":"https:\/\/valefilms.com\/index.php?rest_route=%2Fwp%2Fv2%2Fcomments&post=1241"}],"version-history":[{"count":8,"href":"https:\/\/valefilms.com\/index.php?rest_route=\/wp\/v2\/pages\/1241\/revisions"}],"predecessor-version":[{"id":1363,"href":"https:\/\/valefilms.com\/index.php?rest_route=\/wp\/v2\/pages\/1241\/revisions\/1363"}],"wp:attachment":[{"href":"https:\/\/valefilms.com\/index.php?rest_route=%2Fwp%2Fv2%2Fmedia&parent=1241"}],"curies":[{"name":"wp","href":"https:\/\/api.w.org\/{rel}","templated":true}]}}